{"id":408,"date":"2014-11-28T14:13:55","date_gmt":"2014-11-28T14:13:55","guid":{"rendered":"http:\/\/todoalojamiento.es\/web_test\/sanchez-parrondo\/?page_id=408"},"modified":"2023-03-09T06:47:52","modified_gmt":"2023-03-09T06:47:52","slug":"precios","status":"publish","type":"page","link":"https:\/\/www.sanchezparrondo.com\/?page_id=408","title":{"rendered":"Servicios"},"content":{"rendered":"<div style=\"margin-top: -60px;\">\n<h1 style=\"text-align: center; color: #000000;\">SERVICIOS<\/h1>\n<h3 style=\"text-align: center; color: #000000; font-weight: bold;\">Especializados en el transporte a temperatura dirigida y concretamente en el de carne colgada, cargamos cualquier tipo de mercanc\u00eda.<br \/>Nuestra zona de mayor influencia es Espa\u00f1a y Portugal, aunque realizamos cualquier ruta a petici\u00f3n de nuestros clientes.<\/h3>\n<p><div class=\"grid-wrapper\"><\/p>\n<p><div class=\"g column-12 \"><\/p>\n<p><div class=\"village-pricing\"><\/p>\n<p><h2 class=\"village-pricing__title\"><span style=\"color: #ff0000;\">FLOTA DE VEH\u00cdCULOS<\/span><\/h2><\/p>\n<p><h3 class=\"village-pricing__price\">24 Trailers Frigor\u00edficos Portacarne<\/h3><\/p>\n<p><div class=\"village-pricing__content\"><ul><li class=\"village-pricing__item\"><\/p>\n<p>Veh\u00edculos equipados con control de distancia activo y lector de carril<\/p>\n<p><\/li><li class=\"village-pricing__item\"><\/p>\n<h4 style=\"color: #000000; font-weight: lighter;\">Sistemas de seguridad activa para nuestros conductores<\/h4>\n<p><\/li><li class=\"village-pricing__item\"><\/p>\n<h4 style=\"color: #000000; font-weight: lighter;\">Cabezas tractoras que incorporan sistema telem\u00e1tico<\/h4>\n<p><\/li><li class=\"village-pricing__item\"><\/p>\n<h4 style=\"color: #000000; font-weight: lighter;\">Control mediante GPS para cualquier posible incidencia en la ruta<\/h4>\n<p><\/li><li class=\"village-pricing__item\"><\/p>\n<h4 style=\"color: #000000; font-weight: lighter;\">Semirremolques que adem\u00e1s de control de posici\u00f3n, disponen de informaci\u00f3n de la temperatura<\/h4>\n<p><\/li><li class=\"village-pricing__item\"><\/p>\n<h4 style=\"color: #000000; font-weight: lighter;\">Realizamos cualquier ruta a petici\u00f3n de nuestros clientes<\/h4>\n<p><\/li><li class=\"village-pricing__item\"><\/p>\n<div align=\"center\">\n<p><a href=\"http:\/\/www.sanchezparrondo.com\/wp-content\/uploads\/2014\/11\/camiones.png\"><img loading=\"lazy\" class=\"alignnone size-full wp-image-738\" src=\"http:\/\/www.sanchezparrondo.com\/wp-content\/uploads\/2014\/11\/camiones.png\" alt=\"camiones\" width=\"300\" height=\"162\" srcset=\"https:\/\/www.sanchezparrondo.com\/wp-content\/uploads\/2014\/11\/camiones.png 300w, https:\/\/www.sanchezparrondo.com\/wp-content\/uploads\/2014\/11\/camiones-200x108.png 200w\" sizes=\"(max-width: 300px) 100vw, 300px\" \/><\/a><\/p>\n<h4 style=\"color: #ff0000; font-weight: lighter;\">Camiones Frigor\u00edficos de Transfrigo<\/h4>\n<\/div>\n<p><\/li><li class=\"village-pricing__item\"><\/p>\n<p><\/li><\/ul><\/div><\/p>\n<p><a href=\"mailto:trafico@sanchezparrondo.com\" target=\"_self\"class=\"village-button normal\" >Solicite presupuesto<\/a><\/p>\n<p><\/div><\/p>\n<p><\/div><\/p>\n<p><\/div><\/p>\n<h3 style=\"text-align: center; color: #000000;\">*La calidad y el servicio nuestro referente*<\/h3>\n<p>.<\/p>\n<p>.<\/p>\n<p>.<\/p>\n<\/div>\n\n\n<p><\/p>\n","protected":false},"excerpt":{"rendered":"<p>SERVICIOS Especializados en el transporte a temperatura dirigida y concretamente en el de carne colgada, cargamos cualquier tipo de mercanc\u00eda.Nuestra zona de mayor influencia es Espa\u00f1a y Portugal, aunque realizamos cualquier ruta a petici\u00f3n de nuestros clientes. *La calidad y el servicio nuestro referente* . . .<\/p>\n","protected":false},"author":2,"featured_media":0,"parent":0,"menu_order":1,"comment_status":"closed","ping_status":"closed","template":"","meta":[],"_links":{"self":[{"href":"https:\/\/www.sanchezparrondo.com\/index.php?rest_route=\/wp\/v2\/pages\/408"}],"collection":[{"href":"https:\/\/www.sanchezparrondo.com\/index.php?rest_route=\/wp\/v2\/pages"}],"about":[{"href":"https:\/\/www.sanchezparrondo.com\/index.php?rest_route=\/wp\/v2\/types\/page"}],"author":[{"embeddable":true,"href":"https:\/\/www.sanchezparrondo.com\/index.php?rest_route=\/wp\/v2\/users\/2"}],"replies":[{"embeddable":true,"href":"https:\/\/www.sanchezparrondo.com\/index.php?rest_route=%2Fwp%2Fv2%2Fcomments&post=408"}],"version-history":[{"count":63,"href":"https:\/\/www.sanchezparrondo.com\/index.php?rest_route=\/wp\/v2\/pages\/408\/revisions"}],"predecessor-version":[{"id":820,"href":"https:\/\/www.sanchezparrondo.com\/index.php?rest_route=\/wp\/v2\/pages\/408\/revisions\/820"}],"wp:attachment":[{"href":"https:\/\/www.sanchezparrondo.com\/index.php?rest_route=%2Fwp%2Fv2%2Fmedia&parent=408"}],"curies":[{"name":"wp","href":"https:\/\/api.w.org\/{rel}","templated":true}]}}